{"id":138,"date":"2020-08-19T19:36:23","date_gmt":"2020-08-19T17:36:23","guid":{"rendered":"https:\/\/www.sedliackastodola.sk\/test\/?page_id=138"},"modified":"2024-05-06T12:48:21","modified_gmt":"2024-05-06T10:48:21","slug":"detsky-jedalny-listok","status":"publish","type":"page","link":"https:\/\/www.sedliackastodola.sk\/test\/?page_id=138","title":{"rendered":"Detsk\u00fd jed\u00e1lny l\u00edstok"},"content":{"rendered":"\n<figure class=\"wp-block-table is-style-stripes\"><table><tbody><tr><td><div align=\"right\"><\/div><\/td><td><span class=\"styl6\"><strong>Willy<\/strong><\/span><\/td><td><div align=\"right\" class=\"style3\"><\/div><\/td><\/tr><tr><td><div align=\"right\"><span class=\"style3\">70 g<\/span><\/div><\/td><td>Vypr\u00e1\u017ean\u00e9 rybacie prsty, hranolky, ke\u010dup<\/td><td><div align=\"right\"><span class=\"style3\"><span class=\"style4\"><span class=\"style3\"><span class=\"style3\"><\/span><\/span><\/span>8,10 \u20ac<\/span><\/div><\/td><\/tr><tr><td><div align=\"right\"><\/div><\/td><td><span class=\"styl6\"><strong>Kalimero<\/strong><\/span><\/td><td><div align=\"right\" class=\"style3\"><\/div><\/td><\/tr><tr><td><div align=\"right\"><span class=\"style3\">70 g<\/span><\/div><\/td><td>Vypr\u00e1\u017ean\u00e9 kuracie prsia, hranolky, ke\u010dup<\/td><td><div align=\"right\"><span class=\"style3\">8,10 \u20ac<\/span><\/div><\/td><\/tr><tr><td><div align=\"right\"><\/div><\/td><td><span class=\"styl6\"><strong>Babe<\/strong><\/span><\/td><td><div align=\"right\" class=\"style3\"><\/div><\/td><\/tr><tr><td><div align=\"right\"><span class=\"style3\">70 g<\/span><\/div><\/td><td>Vypr\u00e1\u017ean\u00fd brav\u010dov\u00fd reze\u0148, hranolky, ke\u010dup<\/td><td><div align=\"right\"><span class=\"style3\">8,10 \u20ac<\/span><\/div><\/td><\/tr><tr><td><div align=\"right\"><\/div><\/td><td><span class=\"styl6\"><strong>Tweety<\/strong><\/span><\/td><td><div align=\"right\" class=\"style3\"><\/div><\/td><\/tr><tr><td><div align=\"right\"><span class=\"style3\">70 g<\/span><\/div><\/td><td>Pr\u00edrodn\u00e9 kuracie prsia, hranolky, ke\u010dup<\/td><td><div align=\"right\"><span class=\"style3\"><span class=\"style4\"><span class=\"style3\"><span class=\"style3\"><\/span><\/span><\/span>8,10 \u20ac<\/span><\/div><\/td><\/tr><\/tbody><\/table><\/figure>\n","protected":false},"excerpt":{"rendered":"<p>Willy 70 g Vypr\u00e1\u017ean\u00e9 rybacie prsty, hranolky, ke\u010dup 8,10 \u20ac Kalimero 70 g Vypr\u00e1\u017ean\u00e9 kuracie prsia, hranolky, ke\u010dup 8,10 \u20ac Babe 70 g Vypr\u00e1\u017ean\u00fd brav\u010dov\u00fd reze\u0148, hranolky, ke\u010dup 8,10 \u20ac Tweety 70 g Pr\u00edrodn\u00e9 kuracie prsia, hranolky, ke\u010dup 8,10 \u20ac<\/p>\n","protected":false},"author":1,"featured_media":0,"parent":0,"menu_order":0,"comment_status":"closed","ping_status":"closed","template":"","meta":{"_mi_skip_tracking":false,"footnotes":""},"class_list":["post-138","page","type-page","status-publish","hentry"],"yoast_head":"<!-- This site is optimized with the Yoast SEO plugin v19.11 - https:\/\/yoast.com\/wordpress\/plugins\/seo\/ -->\n<title>Detsk\u00fd jed\u00e1lny l\u00edstok - Re\u0161taur\u00e1cia Sedliacka stodola<\/title>\n<meta name=\"robots\" content=\"index, follow, max-snippet:-1, max-image-preview:large, max-video-preview:-1\" \/>\n<link rel=\"canonical\" href=\"https:\/\/www.sedliackastodola.sk\/test\/?page_id=138\" \/>\n<meta property=\"og:locale\" content=\"sk_SK\" \/>\n<meta property=\"og:type\" content=\"article\" \/>\n<meta property=\"og:title\" content=\"Detsk\u00fd jed\u00e1lny l\u00edstok - Re\u0161taur\u00e1cia Sedliacka stodola\" \/>\n<meta property=\"og:description\" content=\"Willy 70 g Vypr\u00e1\u017ean\u00e9 rybacie prsty, hranolky, ke\u010dup 8,10 \u20ac Kalimero 70 g Vypr\u00e1\u017ean\u00e9 kuracie prsia, hranolky, ke\u010dup 8,10 \u20ac Babe 70 g Vypr\u00e1\u017ean\u00fd brav\u010dov\u00fd reze\u0148, hranolky, ke\u010dup 8,10 \u20ac Tweety 70 g Pr\u00edrodn\u00e9 kuracie prsia, hranolky, ke\u010dup 8,10 \u20ac\" \/>\n<meta property=\"og:url\" content=\"https:\/\/www.sedliackastodola.sk\/test\/?page_id=138\" \/>\n<meta property=\"og:site_name\" content=\"Re\u0161taur\u00e1cia Sedliacka stodola\" \/>\n<meta property=\"article:modified_time\" content=\"2024-05-06T10:48:21+00:00\" \/>\n<meta name=\"twitter:card\" content=\"summary_large_image\" \/>\n<meta name=\"twitter:label1\" content=\"Predpokladan\u00fd \u010das \u010d\u00edtania\" \/>\n\t<meta name=\"twitter:data1\" content=\"1 min\u00fata\" \/>\n<script type=\"application\/ld+json\" class=\"yoast-schema-graph\">{\"@context\":\"https:\/\/schema.org\",\"@graph\":[{\"@type\":\"WebPage\",\"@id\":\"https:\/\/www.sedliackastodola.sk\/test\/?page_id=138\",\"url\":\"https:\/\/www.sedliackastodola.sk\/test\/?page_id=138\",\"name\":\"Detsk\u00fd jed\u00e1lny l\u00edstok - Re\u0161taur\u00e1cia Sedliacka stodola\",\"isPartOf\":{\"@id\":\"https:\/\/www.sedliackastodola.sk\/test\/#website\"},\"datePublished\":\"2020-08-19T17:36:23+00:00\",\"dateModified\":\"2024-05-06T10:48:21+00:00\",\"breadcrumb\":{\"@id\":\"https:\/\/www.sedliackastodola.sk\/test\/?page_id=138#breadcrumb\"},\"inLanguage\":\"sk-SK\",\"potentialAction\":[{\"@type\":\"ReadAction\",\"target\":[\"https:\/\/www.sedliackastodola.sk\/test\/?page_id=138\"]}]},{\"@type\":\"BreadcrumbList\",\"@id\":\"https:\/\/www.sedliackastodola.sk\/test\/?page_id=138#breadcrumb\",\"itemListElement\":[{\"@type\":\"ListItem\",\"position\":1,\"name\":\"Home\",\"item\":\"https:\/\/www.sedliackastodola.sk\/test\/\"},{\"@type\":\"ListItem\",\"position\":2,\"name\":\"Detsk\u00fd jed\u00e1lny l\u00edstok\"}]},{\"@type\":\"WebSite\",\"@id\":\"https:\/\/www.sedliackastodola.sk\/test\/#website\",\"url\":\"https:\/\/www.sedliackastodola.sk\/test\/\",\"name\":\"Re\u0161taur\u00e1cia Sedliacka stodola\",\"description\":\"Tradi\u010dn\u00e1 rodinn\u00e1 Slovensk\u00e1 re\u0161taur\u00e1cia\",\"potentialAction\":[{\"@type\":\"SearchAction\",\"target\":{\"@type\":\"EntryPoint\",\"urlTemplate\":\"https:\/\/www.sedliackastodola.sk\/test\/?s={search_term_string}\"},\"query-input\":\"required name=search_term_string\"}],\"inLanguage\":\"sk-SK\"}]}<\/script>\n<!-- \/ Yoast SEO plugin. -->","yoast_head_json":{"title":"Detsk\u00fd jed\u00e1lny l\u00edstok - Re\u0161taur\u00e1cia Sedliacka stodola","robots":{"index":"index","follow":"follow","max-snippet":"max-snippet:-1","max-image-preview":"max-image-preview:large","max-video-preview":"max-video-preview:-1"},"canonical":"https:\/\/www.sedliackastodola.sk\/test\/?page_id=138","og_locale":"sk_SK","og_type":"article","og_title":"Detsk\u00fd jed\u00e1lny l\u00edstok - Re\u0161taur\u00e1cia Sedliacka stodola","og_description":"Willy 70 g Vypr\u00e1\u017ean\u00e9 rybacie prsty, hranolky, ke\u010dup 8,10 \u20ac Kalimero 70 g Vypr\u00e1\u017ean\u00e9 kuracie prsia, hranolky, ke\u010dup 8,10 \u20ac Babe 70 g Vypr\u00e1\u017ean\u00fd brav\u010dov\u00fd reze\u0148, hranolky, ke\u010dup 8,10 \u20ac Tweety 70 g Pr\u00edrodn\u00e9 kuracie prsia, hranolky, ke\u010dup 8,10 \u20ac","og_url":"https:\/\/www.sedliackastodola.sk\/test\/?page_id=138","og_site_name":"Re\u0161taur\u00e1cia Sedliacka stodola","article_modified_time":"2024-05-06T10:48:21+00:00","twitter_card":"summary_large_image","twitter_misc":{"Predpokladan\u00fd \u010das \u010d\u00edtania":"1 min\u00fata"},"schema":{"@context":"https:\/\/schema.org","@graph":[{"@type":"WebPage","@id":"https:\/\/www.sedliackastodola.sk\/test\/?page_id=138","url":"https:\/\/www.sedliackastodola.sk\/test\/?page_id=138","name":"Detsk\u00fd jed\u00e1lny l\u00edstok - Re\u0161taur\u00e1cia Sedliacka stodola","isPartOf":{"@id":"https:\/\/www.sedliackastodola.sk\/test\/#website"},"datePublished":"2020-08-19T17:36:23+00:00","dateModified":"2024-05-06T10:48:21+00:00","breadcrumb":{"@id":"https:\/\/www.sedliackastodola.sk\/test\/?page_id=138#breadcrumb"},"inLanguage":"sk-SK","potentialAction":[{"@type":"ReadAction","target":["https:\/\/www.sedliackastodola.sk\/test\/?page_id=138"]}]},{"@type":"BreadcrumbList","@id":"https:\/\/www.sedliackastodola.sk\/test\/?page_id=138#breadcrumb","itemListElement":[{"@type":"ListItem","position":1,"name":"Home","item":"https:\/\/www.sedliackastodola.sk\/test\/"},{"@type":"ListItem","position":2,"name":"Detsk\u00fd jed\u00e1lny l\u00edstok"}]},{"@type":"WebSite","@id":"https:\/\/www.sedliackastodola.sk\/test\/#website","url":"https:\/\/www.sedliackastodola.sk\/test\/","name":"Re\u0161taur\u00e1cia Sedliacka stodola","description":"Tradi\u010dn\u00e1 rodinn\u00e1 Slovensk\u00e1 re\u0161taur\u00e1cia","potentialAction":[{"@type":"SearchAction","target":{"@type":"EntryPoint","urlTemplate":"https:\/\/www.sedliackastodola.sk\/test\/?s={search_term_string}"},"query-input":"required name=search_term_string"}],"inLanguage":"sk-SK"}]}},"_links":{"self":[{"href":"https:\/\/www.sedliackastodola.sk\/test\/index.php?rest_route=\/wp\/v2\/pages\/138","targetHints":{"allow":["GET"]}}],"collection":[{"href":"https:\/\/www.sedliackastodola.sk\/test\/index.php?rest_route=\/wp\/v2\/pages"}],"about":[{"href":"https:\/\/www.sedliackastodola.sk\/test\/index.php?rest_route=\/wp\/v2\/types\/page"}],"author":[{"embeddable":true,"href":"https:\/\/www.sedliackastodola.sk\/test\/index.php?rest_route=\/wp\/v2\/users\/1"}],"replies":[{"embeddable":true,"href":"https:\/\/www.sedliackastodola.sk\/test\/index.php?rest_route=%2Fwp%2Fv2%2Fcomments&post=138"}],"version-history":[{"count":4,"href":"https:\/\/www.sedliackastodola.sk\/test\/index.php?rest_route=\/wp\/v2\/pages\/138\/revisions"}],"predecessor-version":[{"id":414,"href":"https:\/\/www.sedliackastodola.sk\/test\/index.php?rest_route=\/wp\/v2\/pages\/138\/revisions\/414"}],"wp:attachment":[{"href":"https:\/\/www.sedliackastodola.sk\/test\/index.php?rest_route=%2Fwp%2Fv2%2Fmedia&parent=138"}],"curies":[{"name":"wp","href":"https:\/\/api.w.org\/{rel}","templated":true}]}}