{"id":146,"date":"2020-09-15T19:49:00","date_gmt":"2020-09-15T17:49:00","guid":{"rendered":"https:\/\/www.sedliackastodola.sk\/test\/?page_id=146"},"modified":"2024-11-19T11:04:27","modified_gmt":"2024-11-19T10:04:27","slug":"aktualna-ponuka","status":"publish","type":"page","link":"https:\/\/www.sedliackastodola.sk\/test\/?page_id=146","title":{"rendered":"Aktu\u00e1lna ponuka"},"content":{"rendered":"\n<figure class=\"wp-block-image size-large\"><img loading=\"lazy\" decoding=\"async\" width=\"719\" height=\"1024\" src=\"https:\/\/www.sedliackastodola.sk\/test\/wp-content\/uploads\/2024\/11\/zabt24-719x1024.jpg\" alt=\"\" class=\"wp-image-449\" srcset=\"https:\/\/www.sedliackastodola.sk\/test\/wp-content\/uploads\/2024\/11\/zabt24-719x1024.jpg 719w, https:\/\/www.sedliackastodola.sk\/test\/wp-content\/uploads\/2024\/11\/zabt24-211x300.jpg 211w, https:\/\/www.sedliackastodola.sk\/test\/wp-content\/uploads\/2024\/11\/zabt24-768x1094.jpg 768w, https:\/\/www.sedliackastodola.sk\/test\/wp-content\/uploads\/2024\/11\/zabt24.jpg 876w\" sizes=\"auto, (max-width: 719px) 100vw, 719px\" \/><\/figure>\n\n\n\n<figure class=\"wp-block-table\"><table><tbody><tr><td><strong><mark style=\"background-color:#fcb900\" class=\"has-inline-color\">Krkovi\u010dka, kapusta kned\u013ea<\/mark><\/strong><\/td><td class=\"has-text-align-right\" data-align=\"right\"><\/td><\/tr><tr><td>Vep\u0159o knedlo zelo<\/td><td class=\"has-text-align-right\" data-align=\"right\"><\/td><\/tr><tr><td>150 g<\/td><td class=\"has-text-align-right\" data-align=\"right\">12,20 \u20ac<\/td><\/tr><\/tbody><\/table><\/figure>\n\n\n\n<figure class=\"wp-block-image size-large is-resized\"><img loading=\"lazy\" decoding=\"async\" width=\"1024\" height=\"768\" src=\"https:\/\/www.sedliackastodola.sk\/test\/wp-content\/uploads\/2023\/01\/vkz-1024x768.jpg\" alt=\"\" class=\"wp-image-357\" style=\"width:840px;height:630px\" srcset=\"https:\/\/www.sedliackastodola.sk\/test\/wp-content\/uploads\/2023\/01\/vkz-1024x768.jpg 1024w, https:\/\/www.sedliackastodola.sk\/test\/wp-content\/uploads\/2023\/01\/vkz-300x225.jpg 300w, https:\/\/www.sedliackastodola.sk\/test\/wp-content\/uploads\/2023\/01\/vkz-768x576.jpg 768w, https:\/\/www.sedliackastodola.sk\/test\/wp-content\/uploads\/2023\/01\/vkz-400x300.jpg 400w, https:\/\/www.sedliackastodola.sk\/test\/wp-content\/uploads\/2023\/01\/vkz-800x600.jpg 800w, https:\/\/www.sedliackastodola.sk\/test\/wp-content\/uploads\/2023\/01\/vkz.jpg 1063w\" sizes=\"auto, (max-width: 1024px) 100vw, 1024px\" \/><\/figure>\n\n\n\n<p><\/p>\n","protected":false},"excerpt":{"rendered":"<p>Krkovi\u010dka, kapusta kned\u013ea Vep\u0159o knedlo zelo 150 g 12,20 \u20ac<\/p>\n","protected":false},"author":1,"featured_media":0,"parent":200,"menu_order":0,"comment_status":"closed","ping_status":"closed","template":"","meta":{"_mi_skip_tracking":false,"footnotes":""},"class_list":["post-146","page","type-page","status-publish","hentry"],"yoast_head":"<!-- This site is optimized with the Yoast SEO plugin v19.11 - https:\/\/yoast.com\/wordpress\/plugins\/seo\/ -->\n<title>Aktu\u00e1lna ponuka - Re\u0161taur\u00e1cia Sedliacka stodola<\/title>\n<meta name=\"robots\" content=\"index, follow, max-snippet:-1, max-image-preview:large, max-video-preview:-1\" \/>\n<link rel=\"canonical\" href=\"https:\/\/www.sedliackastodola.sk\/test\/?page_id=146\" \/>\n<meta property=\"og:locale\" content=\"sk_SK\" \/>\n<meta property=\"og:type\" content=\"article\" \/>\n<meta property=\"og:title\" content=\"Aktu\u00e1lna ponuka - Re\u0161taur\u00e1cia Sedliacka stodola\" \/>\n<meta property=\"og:description\" content=\"Krkovi\u010dka, kapusta kned\u013ea Vep\u0159o knedlo zelo 150 g 12,20 \u20ac\" \/>\n<meta property=\"og:url\" content=\"https:\/\/www.sedliackastodola.sk\/test\/?page_id=146\" \/>\n<meta property=\"og:site_name\" content=\"Re\u0161taur\u00e1cia Sedliacka stodola\" \/>\n<meta property=\"article:modified_time\" content=\"2024-11-19T10:04:27+00:00\" \/>\n<meta property=\"og:image\" content=\"https:\/\/www.sedliackastodola.sk\/test\/wp-content\/uploads\/2024\/11\/zabt24-719x1024.jpg\" \/>\n<meta name=\"twitter:card\" content=\"summary_large_image\" \/>\n<meta name=\"twitter:label1\" content=\"Predpokladan\u00fd \u010das \u010d\u00edtania\" \/>\n\t<meta name=\"twitter:data1\" content=\"1 min\u00fata\" \/>\n<script type=\"application\/ld+json\" class=\"yoast-schema-graph\">{\"@context\":\"https:\/\/schema.org\",\"@graph\":[{\"@type\":\"WebPage\",\"@id\":\"https:\/\/www.sedliackastodola.sk\/test\/?page_id=146\",\"url\":\"https:\/\/www.sedliackastodola.sk\/test\/?page_id=146\",\"name\":\"Aktu\u00e1lna ponuka - Re\u0161taur\u00e1cia Sedliacka stodola\",\"isPartOf\":{\"@id\":\"https:\/\/www.sedliackastodola.sk\/test\/#website\"},\"datePublished\":\"2020-09-15T17:49:00+00:00\",\"dateModified\":\"2024-11-19T10:04:27+00:00\",\"breadcrumb\":{\"@id\":\"https:\/\/www.sedliackastodola.sk\/test\/?page_id=146#breadcrumb\"},\"inLanguage\":\"sk-SK\",\"potentialAction\":[{\"@type\":\"ReadAction\",\"target\":[\"https:\/\/www.sedliackastodola.sk\/test\/?page_id=146\"]}]},{\"@type\":\"BreadcrumbList\",\"@id\":\"https:\/\/www.sedliackastodola.sk\/test\/?page_id=146#breadcrumb\",\"itemListElement\":[{\"@type\":\"ListItem\",\"position\":1,\"name\":\"Home\",\"item\":\"https:\/\/www.sedliackastodola.sk\/test\/\"},{\"@type\":\"ListItem\",\"position\":2,\"name\":\"Jed\u00e1lny l\u00edstok\",\"item\":\"https:\/\/www.sedliackastodola.sk\/test\/?page_id=200\"},{\"@type\":\"ListItem\",\"position\":3,\"name\":\"Aktu\u00e1lna ponuka\"}]},{\"@type\":\"WebSite\",\"@id\":\"https:\/\/www.sedliackastodola.sk\/test\/#website\",\"url\":\"https:\/\/www.sedliackastodola.sk\/test\/\",\"name\":\"Re\u0161taur\u00e1cia Sedliacka stodola\",\"description\":\"Tradi\u010dn\u00e1 rodinn\u00e1 Slovensk\u00e1 re\u0161taur\u00e1cia\",\"potentialAction\":[{\"@type\":\"SearchAction\",\"target\":{\"@type\":\"EntryPoint\",\"urlTemplate\":\"https:\/\/www.sedliackastodola.sk\/test\/?s={search_term_string}\"},\"query-input\":\"required name=search_term_string\"}],\"inLanguage\":\"sk-SK\"}]}<\/script>\n<!-- \/ Yoast SEO plugin. -->","yoast_head_json":{"title":"Aktu\u00e1lna ponuka - Re\u0161taur\u00e1cia Sedliacka stodola","robots":{"index":"index","follow":"follow","max-snippet":"max-snippet:-1","max-image-preview":"max-image-preview:large","max-video-preview":"max-video-preview:-1"},"canonical":"https:\/\/www.sedliackastodola.sk\/test\/?page_id=146","og_locale":"sk_SK","og_type":"article","og_title":"Aktu\u00e1lna ponuka - Re\u0161taur\u00e1cia Sedliacka stodola","og_description":"Krkovi\u010dka, kapusta kned\u013ea Vep\u0159o knedlo zelo 150 g 12,20 \u20ac","og_url":"https:\/\/www.sedliackastodola.sk\/test\/?page_id=146","og_site_name":"Re\u0161taur\u00e1cia Sedliacka stodola","article_modified_time":"2024-11-19T10:04:27+00:00","og_image":[{"url":"https:\/\/www.sedliackastodola.sk\/test\/wp-content\/uploads\/2024\/11\/zabt24-719x1024.jpg"}],"twitter_card":"summary_large_image","twitter_misc":{"Predpokladan\u00fd \u010das \u010d\u00edtania":"1 min\u00fata"},"schema":{"@context":"https:\/\/schema.org","@graph":[{"@type":"WebPage","@id":"https:\/\/www.sedliackastodola.sk\/test\/?page_id=146","url":"https:\/\/www.sedliackastodola.sk\/test\/?page_id=146","name":"Aktu\u00e1lna ponuka - Re\u0161taur\u00e1cia Sedliacka stodola","isPartOf":{"@id":"https:\/\/www.sedliackastodola.sk\/test\/#website"},"datePublished":"2020-09-15T17:49:00+00:00","dateModified":"2024-11-19T10:04:27+00:00","breadcrumb":{"@id":"https:\/\/www.sedliackastodola.sk\/test\/?page_id=146#breadcrumb"},"inLanguage":"sk-SK","potentialAction":[{"@type":"ReadAction","target":["https:\/\/www.sedliackastodola.sk\/test\/?page_id=146"]}]},{"@type":"BreadcrumbList","@id":"https:\/\/www.sedliackastodola.sk\/test\/?page_id=146#breadcrumb","itemListElement":[{"@type":"ListItem","position":1,"name":"Home","item":"https:\/\/www.sedliackastodola.sk\/test\/"},{"@type":"ListItem","position":2,"name":"Jed\u00e1lny l\u00edstok","item":"https:\/\/www.sedliackastodola.sk\/test\/?page_id=200"},{"@type":"ListItem","position":3,"name":"Aktu\u00e1lna ponuka"}]},{"@type":"WebSite","@id":"https:\/\/www.sedliackastodola.sk\/test\/#website","url":"https:\/\/www.sedliackastodola.sk\/test\/","name":"Re\u0161taur\u00e1cia Sedliacka stodola","description":"Tradi\u010dn\u00e1 rodinn\u00e1 Slovensk\u00e1 re\u0161taur\u00e1cia","potentialAction":[{"@type":"SearchAction","target":{"@type":"EntryPoint","urlTemplate":"https:\/\/www.sedliackastodola.sk\/test\/?s={search_term_string}"},"query-input":"required name=search_term_string"}],"inLanguage":"sk-SK"}]}},"_links":{"self":[{"href":"https:\/\/www.sedliackastodola.sk\/test\/index.php?rest_route=\/wp\/v2\/pages\/146","targetHints":{"allow":["GET"]}}],"collection":[{"href":"https:\/\/www.sedliackastodola.sk\/test\/index.php?rest_route=\/wp\/v2\/pages"}],"about":[{"href":"https:\/\/www.sedliackastodola.sk\/test\/index.php?rest_route=\/wp\/v2\/types\/page"}],"author":[{"embeddable":true,"href":"https:\/\/www.sedliackastodola.sk\/test\/index.php?rest_route=\/wp\/v2\/users\/1"}],"replies":[{"embeddable":true,"href":"https:\/\/www.sedliackastodola.sk\/test\/index.php?rest_route=%2Fwp%2Fv2%2Fcomments&post=146"}],"version-history":[{"count":5,"href":"https:\/\/www.sedliackastodola.sk\/test\/index.php?rest_route=\/wp\/v2\/pages\/146\/revisions"}],"predecessor-version":[{"id":450,"href":"https:\/\/www.sedliackastodola.sk\/test\/index.php?rest_route=\/wp\/v2\/pages\/146\/revisions\/450"}],"up":[{"embeddable":true,"href":"https:\/\/www.sedliackastodola.sk\/test\/index.php?rest_route=\/wp\/v2\/pages\/200"}],"wp:attachment":[{"href":"https:\/\/www.sedliackastodola.sk\/test\/index.php?rest_route=%2Fwp%2Fv2%2Fmedia&parent=146"}],"curies":[{"name":"wp","href":"https:\/\/api.w.org\/{rel}","templated":true}]}}