{"id":153,"date":"2020-08-19T20:07:34","date_gmt":"2020-08-19T18:07:34","guid":{"rendered":"https:\/\/www.sedliackastodola.sk\/test\/?page_id=153"},"modified":"2024-01-05T16:40:58","modified_gmt":"2024-01-05T15:40:58","slug":"miesane-napoje","status":"publish","type":"page","link":"https:\/\/www.sedliackastodola.sk\/test\/?page_id=153","title":{"rendered":"Mie\u0161an\u00e9 n\u00e1poje"},"content":{"rendered":"\n<figure class=\"wp-block-table is-style-stripes\"><table><tbody><tr><td><span class=\"style1\"><strong>Mojito<\/strong><\/span><\/td><td><span class=\"styl3\">5 cl Bacardi, 2 dcl Limetkov\u00fd d\u017e\u00fas, Limetka, m\u00e4ta<\/span><\/td><td><div align=\"right\" class=\"styl3\">6,00 \u20ac<\/div><\/td><\/tr><tr><td><span class=\"style1\"><strong>Bavor\u00e1k<\/strong><\/span><\/td><td><span class=\"styl3\">5 cl Fernet Stock, 2 dcl Tonic<\/span><\/td><td><div align=\"right\" class=\"styl3\">5,00 \u20ac<\/div><\/td><\/tr><tr><td><span class=\"style1\"><strong>Bet\u00f3n<\/strong><\/span><\/td><td><span class=\"styl3\">5 cl Becherovka, 2 dcl Tonic<\/span><\/td><td><div align=\"right\" class=\"styl3\">5,00 \u20ac<\/div><\/td><\/tr><tr><td><span class=\"style1\"><strong>Gin tonic<\/strong><\/span><\/td><td><span class=\"styl3\">5 cl Gibson Gin, 2 dcl Tonic<\/span><\/td><td><div align=\"right\" class=\"styl3\">5,00 \u20ac<\/div><\/td><\/tr><tr><td><strong>Aperol \u0161pric <\/strong><\/td><td>1 dcl s\u00f3da, 1 dcl Prosecco, 5 cl Aperol <\/td><td><div align=\"right\">5,50 \u20ac<\/div><\/td><\/tr><\/tbody><\/table><\/figure>\n\n\n\n<p><\/p>\n","protected":false},"excerpt":{"rendered":"<p>Mojito 5 cl Bacardi, 2 dcl Limetkov\u00fd d\u017e\u00fas, Limetka, m\u00e4ta 6,00 \u20ac Bavor\u00e1k 5 cl Fernet Stock, 2 dcl Tonic 5,00 \u20ac Bet\u00f3n 5 cl Becherovka, 2 dcl Tonic 5,00 \u20ac Gin tonic 5 cl Gibson Gin, 2 dcl Tonic 5,00 \u20ac Aperol \u0161pric 1 dcl s\u00f3da, 1 dcl Prosecco, 5 cl Aperol 5,50 \u20ac<\/p>\n","protected":false},"author":1,"featured_media":0,"parent":0,"menu_order":0,"comment_status":"closed","ping_status":"closed","template":"","meta":{"_mi_skip_tracking":false,"footnotes":""},"class_list":["post-153","page","type-page","status-publish","hentry"],"yoast_head":"<!-- This site is optimized with the Yoast SEO plugin v19.11 - https:\/\/yoast.com\/wordpress\/plugins\/seo\/ -->\n<title>Mie\u0161an\u00e9 n\u00e1poje - Re\u0161taur\u00e1cia Sedliacka stodola<\/title>\n<meta name=\"robots\" content=\"index, follow, max-snippet:-1, max-image-preview:large, max-video-preview:-1\" \/>\n<link rel=\"canonical\" href=\"https:\/\/www.sedliackastodola.sk\/test\/?page_id=153\" \/>\n<meta property=\"og:locale\" content=\"sk_SK\" \/>\n<meta property=\"og:type\" content=\"article\" \/>\n<meta property=\"og:title\" content=\"Mie\u0161an\u00e9 n\u00e1poje - Re\u0161taur\u00e1cia Sedliacka stodola\" \/>\n<meta property=\"og:description\" content=\"Mojito 5 cl Bacardi, 2 dcl Limetkov\u00fd d\u017e\u00fas, Limetka, m\u00e4ta 6,00 \u20ac Bavor\u00e1k 5 cl Fernet Stock, 2 dcl Tonic 5,00 \u20ac Bet\u00f3n 5 cl Becherovka, 2 dcl Tonic 5,00 \u20ac Gin tonic 5 cl Gibson Gin, 2 dcl Tonic 5,00 \u20ac Aperol \u0161pric 1 dcl s\u00f3da, 1 dcl Prosecco, 5 cl Aperol 5,50 \u20ac\" \/>\n<meta property=\"og:url\" content=\"https:\/\/www.sedliackastodola.sk\/test\/?page_id=153\" \/>\n<meta property=\"og:site_name\" content=\"Re\u0161taur\u00e1cia Sedliacka stodola\" \/>\n<meta property=\"article:modified_time\" content=\"2024-01-05T15:40:58+00:00\" \/>\n<meta name=\"twitter:card\" content=\"summary_large_image\" \/>\n<meta name=\"twitter:label1\" content=\"Predpokladan\u00fd \u010das \u010d\u00edtania\" \/>\n\t<meta name=\"twitter:data1\" content=\"1 min\u00fata\" \/>\n<script type=\"application\/ld+json\" class=\"yoast-schema-graph\">{\"@context\":\"https:\/\/schema.org\",\"@graph\":[{\"@type\":\"WebPage\",\"@id\":\"https:\/\/www.sedliackastodola.sk\/test\/?page_id=153\",\"url\":\"https:\/\/www.sedliackastodola.sk\/test\/?page_id=153\",\"name\":\"Mie\u0161an\u00e9 n\u00e1poje - Re\u0161taur\u00e1cia Sedliacka stodola\",\"isPartOf\":{\"@id\":\"https:\/\/www.sedliackastodola.sk\/test\/#website\"},\"datePublished\":\"2020-08-19T18:07:34+00:00\",\"dateModified\":\"2024-01-05T15:40:58+00:00\",\"breadcrumb\":{\"@id\":\"https:\/\/www.sedliackastodola.sk\/test\/?page_id=153#breadcrumb\"},\"inLanguage\":\"sk-SK\",\"potentialAction\":[{\"@type\":\"ReadAction\",\"target\":[\"https:\/\/www.sedliackastodola.sk\/test\/?page_id=153\"]}]},{\"@type\":\"BreadcrumbList\",\"@id\":\"https:\/\/www.sedliackastodola.sk\/test\/?page_id=153#breadcrumb\",\"itemListElement\":[{\"@type\":\"ListItem\",\"position\":1,\"name\":\"Home\",\"item\":\"https:\/\/www.sedliackastodola.sk\/test\/\"},{\"@type\":\"ListItem\",\"position\":2,\"name\":\"Mie\u0161an\u00e9 n\u00e1poje\"}]},{\"@type\":\"WebSite\",\"@id\":\"https:\/\/www.sedliackastodola.sk\/test\/#website\",\"url\":\"https:\/\/www.sedliackastodola.sk\/test\/\",\"name\":\"Re\u0161taur\u00e1cia Sedliacka stodola\",\"description\":\"Tradi\u010dn\u00e1 rodinn\u00e1 Slovensk\u00e1 re\u0161taur\u00e1cia\",\"potentialAction\":[{\"@type\":\"SearchAction\",\"target\":{\"@type\":\"EntryPoint\",\"urlTemplate\":\"https:\/\/www.sedliackastodola.sk\/test\/?s={search_term_string}\"},\"query-input\":\"required name=search_term_string\"}],\"inLanguage\":\"sk-SK\"}]}<\/script>\n<!-- \/ Yoast SEO plugin. -->","yoast_head_json":{"title":"Mie\u0161an\u00e9 n\u00e1poje - Re\u0161taur\u00e1cia Sedliacka stodola","robots":{"index":"index","follow":"follow","max-snippet":"max-snippet:-1","max-image-preview":"max-image-preview:large","max-video-preview":"max-video-preview:-1"},"canonical":"https:\/\/www.sedliackastodola.sk\/test\/?page_id=153","og_locale":"sk_SK","og_type":"article","og_title":"Mie\u0161an\u00e9 n\u00e1poje - Re\u0161taur\u00e1cia Sedliacka stodola","og_description":"Mojito 5 cl Bacardi, 2 dcl Limetkov\u00fd d\u017e\u00fas, Limetka, m\u00e4ta 6,00 \u20ac Bavor\u00e1k 5 cl Fernet Stock, 2 dcl Tonic 5,00 \u20ac Bet\u00f3n 5 cl Becherovka, 2 dcl Tonic 5,00 \u20ac Gin tonic 5 cl Gibson Gin, 2 dcl Tonic 5,00 \u20ac Aperol \u0161pric 1 dcl s\u00f3da, 1 dcl Prosecco, 5 cl Aperol 5,50 \u20ac","og_url":"https:\/\/www.sedliackastodola.sk\/test\/?page_id=153","og_site_name":"Re\u0161taur\u00e1cia Sedliacka stodola","article_modified_time":"2024-01-05T15:40:58+00:00","twitter_card":"summary_large_image","twitter_misc":{"Predpokladan\u00fd \u010das \u010d\u00edtania":"1 min\u00fata"},"schema":{"@context":"https:\/\/schema.org","@graph":[{"@type":"WebPage","@id":"https:\/\/www.sedliackastodola.sk\/test\/?page_id=153","url":"https:\/\/www.sedliackastodola.sk\/test\/?page_id=153","name":"Mie\u0161an\u00e9 n\u00e1poje - Re\u0161taur\u00e1cia Sedliacka stodola","isPartOf":{"@id":"https:\/\/www.sedliackastodola.sk\/test\/#website"},"datePublished":"2020-08-19T18:07:34+00:00","dateModified":"2024-01-05T15:40:58+00:00","breadcrumb":{"@id":"https:\/\/www.sedliackastodola.sk\/test\/?page_id=153#breadcrumb"},"inLanguage":"sk-SK","potentialAction":[{"@type":"ReadAction","target":["https:\/\/www.sedliackastodola.sk\/test\/?page_id=153"]}]},{"@type":"BreadcrumbList","@id":"https:\/\/www.sedliackastodola.sk\/test\/?page_id=153#breadcrumb","itemListElement":[{"@type":"ListItem","position":1,"name":"Home","item":"https:\/\/www.sedliackastodola.sk\/test\/"},{"@type":"ListItem","position":2,"name":"Mie\u0161an\u00e9 n\u00e1poje"}]},{"@type":"WebSite","@id":"https:\/\/www.sedliackastodola.sk\/test\/#website","url":"https:\/\/www.sedliackastodola.sk\/test\/","name":"Re\u0161taur\u00e1cia Sedliacka stodola","description":"Tradi\u010dn\u00e1 rodinn\u00e1 Slovensk\u00e1 re\u0161taur\u00e1cia","potentialAction":[{"@type":"SearchAction","target":{"@type":"EntryPoint","urlTemplate":"https:\/\/www.sedliackastodola.sk\/test\/?s={search_term_string}"},"query-input":"required name=search_term_string"}],"inLanguage":"sk-SK"}]}},"_links":{"self":[{"href":"https:\/\/www.sedliackastodola.sk\/test\/index.php?rest_route=\/wp\/v2\/pages\/153","targetHints":{"allow":["GET"]}}],"collection":[{"href":"https:\/\/www.sedliackastodola.sk\/test\/index.php?rest_route=\/wp\/v2\/pages"}],"about":[{"href":"https:\/\/www.sedliackastodola.sk\/test\/index.php?rest_route=\/wp\/v2\/types\/page"}],"author":[{"embeddable":true,"href":"https:\/\/www.sedliackastodola.sk\/test\/index.php?rest_route=\/wp\/v2\/users\/1"}],"replies":[{"embeddable":true,"href":"https:\/\/www.sedliackastodola.sk\/test\/index.php?rest_route=%2Fwp%2Fv2%2Fcomments&post=153"}],"version-history":[{"count":4,"href":"https:\/\/www.sedliackastodola.sk\/test\/index.php?rest_route=\/wp\/v2\/pages\/153\/revisions"}],"predecessor-version":[{"id":396,"href":"https:\/\/www.sedliackastodola.sk\/test\/index.php?rest_route=\/wp\/v2\/pages\/153\/revisions\/396"}],"wp:attachment":[{"href":"https:\/\/www.sedliackastodola.sk\/test\/index.php?rest_route=%2Fwp%2Fv2%2Fmedia&parent=153"}],"curies":[{"name":"wp","href":"https:\/\/api.w.org\/{rel}","templated":true}]}}