{"id":179,"date":"2020-08-19T20:39:38","date_gmt":"2020-08-19T18:39:38","guid":{"rendered":"https:\/\/www.sedliackastodola.sk\/test\/?page_id=179"},"modified":"2023-01-25T11:48:14","modified_gmt":"2023-01-25T10:48:14","slug":"nealkoholicke-napoje","status":"publish","type":"page","link":"https:\/\/www.sedliackastodola.sk\/test\/?page_id=179","title":{"rendered":"Nealkoholick\u00e9 n\u00e1poje"},"content":{"rendered":"\n<figure class=\"wp-block-table is-style-stripes\"><table><tbody><tr><td><span class=\"style3\">Coca Cola, Coca Cola light<\/span><\/td><td><span class=\"style3\">f\u013e.<\/span><\/td><td class=\"has-text-align-right\" data-align=\"right\"><div align=\"right\" class=\"style3\">2,60 \u20ac<\/div><\/td><\/tr><tr><td><span class=\"style3\">Fanta<\/span><\/td><td><span class=\"style3\">f\u013e.<\/span><\/td><td class=\"has-text-align-right\" data-align=\"right\"><div align=\"right\" class=\"style3\">2,60 \u20ac<\/div><\/td><\/tr><tr><td><span class=\"style3\">Tonic<\/span><\/td><td><span class=\"style3\">f\u013e.<\/span><\/td><td class=\"has-text-align-right\" data-align=\"right\"><div align=\"right\" class=\"style3\">2,60 \u20ac<\/div><\/td><\/tr><tr><td><span class=\"style3\">Sprite<\/span><\/td><td><span class=\"style3\">f\u013e.<\/span><\/td><td class=\"has-text-align-right\" data-align=\"right\"><div align=\"right\" class=\"style3\">2,60 \u20ac<\/div><\/td><\/tr><tr><td><span class=\"style3\">Bonaqua<\/span>, Natura<\/td><td><span class=\"style3\">f\u013e.<\/span><\/td><td class=\"has-text-align-right\" data-align=\"right\"><div align=\"right\" class=\"style3\">2,40 \u20ac<\/div><\/td><\/tr><tr><td><span class=\"style3\">Romerquele<\/span><\/td><td><span class=\"style3\">f\u013e.<\/span><\/td><td class=\"has-text-align-right\" data-align=\"right\"><div align=\"right\" class=\"style3\">2,40 \u20ac<\/div><\/td><\/tr><tr><td><span class=\"style3\">Fuzze &#8211; brosky\u0148a, zelen\u00fd \u010daj<\/span><\/td><td><span class=\"style3\">f\u013e.<\/span><\/td><td class=\"has-text-align-right\" data-align=\"right\"><div align=\"right\" class=\"style3\">2,60 \u20ac<\/div><\/td><\/tr><tr><td><span class=\"style3\">Cappy &#8211; pod\u013ea ponuky<\/span><\/td><td><span class=\"style3\">f\u013e.<\/span><\/td><td class=\"has-text-align-right\" data-align=\"right\"><div align=\"right\" class=\"style3\">2,80 \u20ac<\/div><\/td><\/tr><tr><td><span class=\"style3\">Vinea<\/span><\/td><td><span class=\"style3\">f\u013e.<\/span><\/td><td class=\"has-text-align-right\" data-align=\"right\"><div align=\"right\" class=\"style3\">2,40 \u20ac<\/div><\/td><\/tr><tr><td>Vinea Frizante \u010dapovan\u00e1 <\/td><td>3 dlc <\/td><td class=\"has-text-align-right\" data-align=\"right\"><div align=\"right\">2,10 \u20ac<\/div><\/td><\/tr><tr><td><span class=\"style3\">S\u00f3da<\/span><\/td><td><span class=\"style3\">1 dcl<\/span><\/td><td class=\"has-text-align-right\" data-align=\"right\"><div align=\"right\" class=\"style3\">0,20 \u20ac<\/div><\/td><\/tr><tr><td><span class=\"style3\">HU-HU<\/span><\/td><td><span class=\"style3\">1 dcl<\/span><\/td><td class=\"has-text-align-right\" data-align=\"right\"><div align=\"right\" class=\"style3\">0,50 \u20ac<\/div><\/td><\/tr><tr><td>Limon\u00e1da (pod\u013ea dennej ponuky)<\/td><td>5 dcl<\/td><td class=\"has-text-align-right\" data-align=\"right\">5,50 \u20ac <\/td><\/tr><\/tbody><\/table><\/figure>\n","protected":false},"excerpt":{"rendered":"<p>Coca Cola, Coca Cola light f\u013e. 2,60 \u20ac Fanta f\u013e. 2,60 \u20ac Tonic f\u013e. 2,60 \u20ac Sprite f\u013e. 2,60 \u20ac Bonaqua, Natura f\u013e. 2,40 \u20ac Romerquele f\u013e. 2,40 \u20ac Fuzze &#8211; brosky\u0148a, zelen\u00fd \u010daj f\u013e. 2,60 \u20ac Cappy &#8211; pod\u013ea ponuky f\u013e. 2,80 \u20ac Vinea f\u013e. 2,40 \u20ac Vinea Frizante \u010dapovan\u00e1 3 dlc 2,10 \u20ac [&hellip;]<\/p>\n","protected":false},"author":1,"featured_media":0,"parent":0,"menu_order":0,"comment_status":"closed","ping_status":"closed","template":"","meta":{"_mi_skip_tracking":false,"footnotes":""},"class_list":["post-179","page","type-page","status-publish","hentry"],"yoast_head":"<!-- This site is optimized with the Yoast SEO plugin v19.11 - https:\/\/yoast.com\/wordpress\/plugins\/seo\/ -->\n<title>Nealkoholick\u00e9 n\u00e1poje - Re\u0161taur\u00e1cia Sedliacka stodola<\/title>\n<meta name=\"robots\" content=\"index, follow, max-snippet:-1, max-image-preview:large, max-video-preview:-1\" \/>\n<link rel=\"canonical\" href=\"https:\/\/www.sedliackastodola.sk\/test\/?page_id=179\" \/>\n<meta property=\"og:locale\" content=\"sk_SK\" \/>\n<meta property=\"og:type\" content=\"article\" \/>\n<meta property=\"og:title\" content=\"Nealkoholick\u00e9 n\u00e1poje - Re\u0161taur\u00e1cia Sedliacka stodola\" \/>\n<meta property=\"og:description\" content=\"Coca Cola, Coca Cola light f\u013e. 2,60 \u20ac Fanta f\u013e. 2,60 \u20ac Tonic f\u013e. 2,60 \u20ac Sprite f\u013e. 2,60 \u20ac Bonaqua, Natura f\u013e. 2,40 \u20ac Romerquele f\u013e. 2,40 \u20ac Fuzze &#8211; brosky\u0148a, zelen\u00fd \u010daj f\u013e. 2,60 \u20ac Cappy &#8211; pod\u013ea ponuky f\u013e. 2,80 \u20ac Vinea f\u013e. 2,40 \u20ac Vinea Frizante \u010dapovan\u00e1 3 dlc 2,10 \u20ac [&hellip;]\" \/>\n<meta property=\"og:url\" content=\"https:\/\/www.sedliackastodola.sk\/test\/?page_id=179\" \/>\n<meta property=\"og:site_name\" content=\"Re\u0161taur\u00e1cia Sedliacka stodola\" \/>\n<meta property=\"article:modified_time\" content=\"2023-01-25T10:48:14+00:00\" \/>\n<meta name=\"twitter:card\" content=\"summary_large_image\" \/>\n<meta name=\"twitter:label1\" content=\"Predpokladan\u00fd \u010das \u010d\u00edtania\" \/>\n\t<meta name=\"twitter:data1\" content=\"1 min\u00fata\" \/>\n<script type=\"application\/ld+json\" class=\"yoast-schema-graph\">{\"@context\":\"https:\/\/schema.org\",\"@graph\":[{\"@type\":\"WebPage\",\"@id\":\"https:\/\/www.sedliackastodola.sk\/test\/?page_id=179\",\"url\":\"https:\/\/www.sedliackastodola.sk\/test\/?page_id=179\",\"name\":\"Nealkoholick\u00e9 n\u00e1poje - Re\u0161taur\u00e1cia Sedliacka stodola\",\"isPartOf\":{\"@id\":\"https:\/\/www.sedliackastodola.sk\/test\/#website\"},\"datePublished\":\"2020-08-19T18:39:38+00:00\",\"dateModified\":\"2023-01-25T10:48:14+00:00\",\"breadcrumb\":{\"@id\":\"https:\/\/www.sedliackastodola.sk\/test\/?page_id=179#breadcrumb\"},\"inLanguage\":\"sk-SK\",\"potentialAction\":[{\"@type\":\"ReadAction\",\"target\":[\"https:\/\/www.sedliackastodola.sk\/test\/?page_id=179\"]}]},{\"@type\":\"BreadcrumbList\",\"@id\":\"https:\/\/www.sedliackastodola.sk\/test\/?page_id=179#breadcrumb\",\"itemListElement\":[{\"@type\":\"ListItem\",\"position\":1,\"name\":\"Home\",\"item\":\"https:\/\/www.sedliackastodola.sk\/test\/\"},{\"@type\":\"ListItem\",\"position\":2,\"name\":\"Nealkoholick\u00e9 n\u00e1poje\"}]},{\"@type\":\"WebSite\",\"@id\":\"https:\/\/www.sedliackastodola.sk\/test\/#website\",\"url\":\"https:\/\/www.sedliackastodola.sk\/test\/\",\"name\":\"Re\u0161taur\u00e1cia Sedliacka stodola\",\"description\":\"Tradi\u010dn\u00e1 rodinn\u00e1 Slovensk\u00e1 re\u0161taur\u00e1cia\",\"potentialAction\":[{\"@type\":\"SearchAction\",\"target\":{\"@type\":\"EntryPoint\",\"urlTemplate\":\"https:\/\/www.sedliackastodola.sk\/test\/?s={search_term_string}\"},\"query-input\":\"required name=search_term_string\"}],\"inLanguage\":\"sk-SK\"}]}<\/script>\n<!-- \/ Yoast SEO plugin. -->","yoast_head_json":{"title":"Nealkoholick\u00e9 n\u00e1poje - Re\u0161taur\u00e1cia Sedliacka stodola","robots":{"index":"index","follow":"follow","max-snippet":"max-snippet:-1","max-image-preview":"max-image-preview:large","max-video-preview":"max-video-preview:-1"},"canonical":"https:\/\/www.sedliackastodola.sk\/test\/?page_id=179","og_locale":"sk_SK","og_type":"article","og_title":"Nealkoholick\u00e9 n\u00e1poje - Re\u0161taur\u00e1cia Sedliacka stodola","og_description":"Coca Cola, Coca Cola light f\u013e. 2,60 \u20ac Fanta f\u013e. 2,60 \u20ac Tonic f\u013e. 2,60 \u20ac Sprite f\u013e. 2,60 \u20ac Bonaqua, Natura f\u013e. 2,40 \u20ac Romerquele f\u013e. 2,40 \u20ac Fuzze &#8211; brosky\u0148a, zelen\u00fd \u010daj f\u013e. 2,60 \u20ac Cappy &#8211; pod\u013ea ponuky f\u013e. 2,80 \u20ac Vinea f\u013e. 2,40 \u20ac Vinea Frizante \u010dapovan\u00e1 3 dlc 2,10 \u20ac [&hellip;]","og_url":"https:\/\/www.sedliackastodola.sk\/test\/?page_id=179","og_site_name":"Re\u0161taur\u00e1cia Sedliacka stodola","article_modified_time":"2023-01-25T10:48:14+00:00","twitter_card":"summary_large_image","twitter_misc":{"Predpokladan\u00fd \u010das \u010d\u00edtania":"1 min\u00fata"},"schema":{"@context":"https:\/\/schema.org","@graph":[{"@type":"WebPage","@id":"https:\/\/www.sedliackastodola.sk\/test\/?page_id=179","url":"https:\/\/www.sedliackastodola.sk\/test\/?page_id=179","name":"Nealkoholick\u00e9 n\u00e1poje - Re\u0161taur\u00e1cia Sedliacka stodola","isPartOf":{"@id":"https:\/\/www.sedliackastodola.sk\/test\/#website"},"datePublished":"2020-08-19T18:39:38+00:00","dateModified":"2023-01-25T10:48:14+00:00","breadcrumb":{"@id":"https:\/\/www.sedliackastodola.sk\/test\/?page_id=179#breadcrumb"},"inLanguage":"sk-SK","potentialAction":[{"@type":"ReadAction","target":["https:\/\/www.sedliackastodola.sk\/test\/?page_id=179"]}]},{"@type":"BreadcrumbList","@id":"https:\/\/www.sedliackastodola.sk\/test\/?page_id=179#breadcrumb","itemListElement":[{"@type":"ListItem","position":1,"name":"Home","item":"https:\/\/www.sedliackastodola.sk\/test\/"},{"@type":"ListItem","position":2,"name":"Nealkoholick\u00e9 n\u00e1poje"}]},{"@type":"WebSite","@id":"https:\/\/www.sedliackastodola.sk\/test\/#website","url":"https:\/\/www.sedliackastodola.sk\/test\/","name":"Re\u0161taur\u00e1cia Sedliacka stodola","description":"Tradi\u010dn\u00e1 rodinn\u00e1 Slovensk\u00e1 re\u0161taur\u00e1cia","potentialAction":[{"@type":"SearchAction","target":{"@type":"EntryPoint","urlTemplate":"https:\/\/www.sedliackastodola.sk\/test\/?s={search_term_string}"},"query-input":"required name=search_term_string"}],"inLanguage":"sk-SK"}]}},"_links":{"self":[{"href":"https:\/\/www.sedliackastodola.sk\/test\/index.php?rest_route=\/wp\/v2\/pages\/179","targetHints":{"allow":["GET"]}}],"collection":[{"href":"https:\/\/www.sedliackastodola.sk\/test\/index.php?rest_route=\/wp\/v2\/pages"}],"about":[{"href":"https:\/\/www.sedliackastodola.sk\/test\/index.php?rest_route=\/wp\/v2\/types\/page"}],"author":[{"embeddable":true,"href":"https:\/\/www.sedliackastodola.sk\/test\/index.php?rest_route=\/wp\/v2\/users\/1"}],"replies":[{"embeddable":true,"href":"https:\/\/www.sedliackastodola.sk\/test\/index.php?rest_route=%2Fwp%2Fv2%2Fcomments&post=179"}],"version-history":[{"count":5,"href":"https:\/\/www.sedliackastodola.sk\/test\/index.php?rest_route=\/wp\/v2\/pages\/179\/revisions"}],"predecessor-version":[{"id":336,"href":"https:\/\/www.sedliackastodola.sk\/test\/index.php?rest_route=\/wp\/v2\/pages\/179\/revisions\/336"}],"wp:attachment":[{"href":"https:\/\/www.sedliackastodola.sk\/test\/index.php?rest_route=%2Fwp%2Fv2%2Fmedia&parent=179"}],"curies":[{"name":"wp","href":"https:\/\/api.w.org\/{rel}","templated":true}]}}