{"id":182,"date":"2020-08-19T20:41:41","date_gmt":"2020-08-19T18:41:41","guid":{"rendered":"https:\/\/www.sedliackastodola.sk\/test\/?page_id=182"},"modified":"2024-01-05T16:47:37","modified_gmt":"2024-01-05T15:47:37","slug":"teple-napoje","status":"publish","type":"page","link":"https:\/\/www.sedliackastodola.sk\/test\/?page_id=182","title":{"rendered":"Tepl\u00e9 n\u00e1poje"},"content":{"rendered":"\n<table align=\"center\">\n  <tbody><tr>\n    <td width=\"41%\" valign=\"top\"><span class=\"style7\">Presso k\u00e1va<\/span><\/td>\n    <td width=\"36%\" valign=\"top\"><span class=\"style9\">8 g k\u00e1va, 10 g cukor<\/span><\/td>\n    <td width=\"23%\" valign=\"top\"><div align=\"right\" class=\"style7\">2,20 \u20ac<\/div><\/td>\n  <\/tr>\n  <tr>\n    <td width=\"41%\" valign=\"top\"><span class=\"style7\">Presso k\u00e1va s mliekom<\/span><\/td>\n    <td width=\"36%\" valign=\"top\"><span class=\"style9\">8 g k\u00e1va, 10 g cukor, 7 g mlieko<\/span><\/td>\n    <td width=\"23%\" valign=\"top\"><div align=\"right\" class=\"style7\">2,50 \u20ac<\/div><\/td>\n  <\/tr>\n  <tr>\n    <td width=\"41%\" valign=\"top\"><span class=\"style7\">Cappuccino<\/span><\/td>\n    <td width=\"36%\" valign=\"top\"><span class=\"style9\">8 g k\u00e1va, 10 g cukor, mlieko<\/span><\/td>\n    <td width=\"23%\" valign=\"top\"><div align=\"right\" class=\"style7\">2,70 \u20ac<\/div><\/td>\n  <\/tr>\n  <tr>\n    <td width=\"41%\" valign=\"top\"><span class=\"style7\">Caf\u00e9 Late<\/span><\/td>\n    <td width=\"36%\" valign=\"top\"><span class=\"style9\">8 g k\u00e1va, 10 g cukor, mlieko<\/span><\/td>\n    <td width=\"23%\" valign=\"top\"><div align=\"right\" class=\"style7\">2,80 \u20ac<\/div><\/td>\n  <\/tr>\n  <tr>\n    <td width=\"41%\" valign=\"top\"><span class=\"style7\">Viedensk\u00e1 k\u00e1va<\/span><\/td>\n    <td width=\"36%\" valign=\"top\"><span class=\"style9\">8 g k\u00e1va, 10 g cukor, \u0161\u013eaha\u010dka<\/span><\/td>\n    <td width=\"23%\" valign=\"top\"><div align=\"right\" class=\"style7\">2,80 \u20ac<\/div><\/td>\n  <\/tr>\n  <tr>\n    <td width=\"41%\" valign=\"top\"><span class=\"style7\">Al\u017e\u00edrska k\u00e1va<\/span><\/td>\n    <td width=\"36%\" valign=\"top\"><span class=\"style9\">8 g k\u00e1va, 10 g cukor, \u0161\u013eaha\u010dka, vaje\u010dn\u00fd ko\u0148ak<\/span><\/td>\n    <td width=\"23%\" valign=\"top\"><div align=\"right\" class=\"style7\">4,60 \u20ac<\/div><\/td>\n  <\/tr>\n  <tr>\n    <td width=\"41%\" valign=\"top\"><span class=\"style7\">\u013dadov\u00e1 k\u00e1va<\/span><\/td>\n    <td width=\"36%\" valign=\"top\"><span class=\"style9\">8 g k\u00e1va, 10 g cukor, \u0161\u013eaha\u010dka, zmrzlina<\/span><\/td>\n    <td width=\"23%\" valign=\"top\"><div align=\"right\" class=\"style7\">4,30 \u20ac<\/div><\/td>\n  <\/tr>\n  <tr>\n    <td colspan=\"2\" valign=\"top\"><span class=\"style7\">Hor\u00faca \u010dokol\u00e1da biela, tmav\u00e1<\/span><\/td>\n    <td width=\"23%\" valign=\"top\"><div align=\"right\" class=\"style7\">2,60 \u20ac<\/div><\/td>\n  <\/tr>\n  <tr>\n    <td width=\"41%\" valign=\"top\"><span class=\"style7\">\u010caj porcovan\u00fd &#8211; pod\u013ea ponuky<\/span><\/td>\n    <td width=\"36%\" valign=\"top\"><span class=\"style9\">1 s\u00e1\u010dik, 10 g cukor<\/span><\/td>\n    <td width=\"23%\" valign=\"top\"><div align=\"right\" class=\"style7\">2,20 \u20ac<\/div><\/td>\n  <\/tr>\n  <tr valign=\"top\">\n    <td colspan=\"3\"><span class=\"style8\">s\u00e1\u010diky r\u00f4znej hmotnosti pod\u013ea \u010daju, hygieniky balen\u00e9      \n      <\/span>\n    <div align=\"right\" class=\"style7\"><\/div>      <div align=\"right\" class=\"style7\"><\/div><\/td>\n  <\/tr>\n  <tr>\n    <td valign=\"top\"><span class=\"style7\">\u010caj z \u010derstvej m\u00e4ty <\/span><\/td>\n    <td valign=\"top\" class=\"style9\">5 g <\/td>\n    <td valign=\"top\"><div align=\"right\"><span class=\"style7\">3,20 \u20ac <\/span><\/div><\/td>\n  <\/tr>\n  <tr>\n    <td width=\"41%\" valign=\"top\"><span class=\"style7\">Mlieko do k\u00e1vy<\/span><\/td>\n    <td width=\"36%\" valign=\"top\"><span class=\"style9\">7 g<\/span><\/td>\n    <td width=\"23%\" valign=\"top\"><div align=\"right\" class=\"style7\">0,30 \u20ac<\/div><\/td>\n  <\/tr>\n  <tr>\n    <td width=\"41%\" valign=\"top\"><span class=\"style7\">Med porcovan\u00fd<\/span><\/td>\n    <td width=\"36%\" valign=\"top\"><span class=\"style9\">20 g<\/span><\/td>\n    <td width=\"23%\" valign=\"top\"><div align=\"right\" class=\"style7\">0,40 \u20ac<\/div><\/td>\n  <\/tr>\n<\/tbody><\/table>\n","protected":false},"excerpt":{"rendered":"<p>Presso k\u00e1va 8 g k\u00e1va, 10 g cukor 2,20 \u20ac Presso k\u00e1va s mliekom 8 g k\u00e1va, 10 g cukor, 7 g mlieko 2,50 \u20ac Cappuccino 8 g k\u00e1va, 10 g cukor, mlieko 2,70 \u20ac Caf\u00e9 Late 8 g k\u00e1va, 10 g cukor, mlieko 2,80 \u20ac Viedensk\u00e1 k\u00e1va 8 g k\u00e1va, 10 g cukor, \u0161\u013eaha\u010dka [&hellip;]<\/p>\n","protected":false},"author":1,"featured_media":0,"parent":0,"menu_order":0,"comment_status":"closed","ping_status":"closed","template":"","meta":{"_mi_skip_tracking":false,"footnotes":""},"class_list":["post-182","page","type-page","status-publish","hentry"],"yoast_head":"<!-- This site is optimized with the Yoast SEO plugin v19.11 - https:\/\/yoast.com\/wordpress\/plugins\/seo\/ -->\n<title>Tepl\u00e9 n\u00e1poje - Re\u0161taur\u00e1cia Sedliacka stodola<\/title>\n<meta name=\"robots\" content=\"index, follow, max-snippet:-1, max-image-preview:large, max-video-preview:-1\" \/>\n<link rel=\"canonical\" href=\"https:\/\/www.sedliackastodola.sk\/test\/?page_id=182\" \/>\n<meta property=\"og:locale\" content=\"sk_SK\" \/>\n<meta property=\"og:type\" content=\"article\" \/>\n<meta property=\"og:title\" content=\"Tepl\u00e9 n\u00e1poje - Re\u0161taur\u00e1cia Sedliacka stodola\" \/>\n<meta property=\"og:description\" content=\"Presso k\u00e1va 8 g k\u00e1va, 10 g cukor 2,20 \u20ac Presso k\u00e1va s mliekom 8 g k\u00e1va, 10 g cukor, 7 g mlieko 2,50 \u20ac Cappuccino 8 g k\u00e1va, 10 g cukor, mlieko 2,70 \u20ac Caf\u00e9 Late 8 g k\u00e1va, 10 g cukor, mlieko 2,80 \u20ac Viedensk\u00e1 k\u00e1va 8 g k\u00e1va, 10 g cukor, \u0161\u013eaha\u010dka [&hellip;]\" \/>\n<meta property=\"og:url\" content=\"https:\/\/www.sedliackastodola.sk\/test\/?page_id=182\" \/>\n<meta property=\"og:site_name\" content=\"Re\u0161taur\u00e1cia Sedliacka stodola\" \/>\n<meta property=\"article:modified_time\" content=\"2024-01-05T15:47:37+00:00\" \/>\n<meta name=\"twitter:card\" content=\"summary_large_image\" \/>\n<meta name=\"twitter:label1\" content=\"Predpokladan\u00fd \u010das \u010d\u00edtania\" \/>\n\t<meta name=\"twitter:data1\" content=\"1 min\u00fata\" \/>\n<script type=\"application\/ld+json\" class=\"yoast-schema-graph\">{\"@context\":\"https:\/\/schema.org\",\"@graph\":[{\"@type\":\"WebPage\",\"@id\":\"https:\/\/www.sedliackastodola.sk\/test\/?page_id=182\",\"url\":\"https:\/\/www.sedliackastodola.sk\/test\/?page_id=182\",\"name\":\"Tepl\u00e9 n\u00e1poje - Re\u0161taur\u00e1cia Sedliacka stodola\",\"isPartOf\":{\"@id\":\"https:\/\/www.sedliackastodola.sk\/test\/#website\"},\"datePublished\":\"2020-08-19T18:41:41+00:00\",\"dateModified\":\"2024-01-05T15:47:37+00:00\",\"breadcrumb\":{\"@id\":\"https:\/\/www.sedliackastodola.sk\/test\/?page_id=182#breadcrumb\"},\"inLanguage\":\"sk-SK\",\"potentialAction\":[{\"@type\":\"ReadAction\",\"target\":[\"https:\/\/www.sedliackastodola.sk\/test\/?page_id=182\"]}]},{\"@type\":\"BreadcrumbList\",\"@id\":\"https:\/\/www.sedliackastodola.sk\/test\/?page_id=182#breadcrumb\",\"itemListElement\":[{\"@type\":\"ListItem\",\"position\":1,\"name\":\"Home\",\"item\":\"https:\/\/www.sedliackastodola.sk\/test\/\"},{\"@type\":\"ListItem\",\"position\":2,\"name\":\"Tepl\u00e9 n\u00e1poje\"}]},{\"@type\":\"WebSite\",\"@id\":\"https:\/\/www.sedliackastodola.sk\/test\/#website\",\"url\":\"https:\/\/www.sedliackastodola.sk\/test\/\",\"name\":\"Re\u0161taur\u00e1cia Sedliacka stodola\",\"description\":\"Tradi\u010dn\u00e1 rodinn\u00e1 Slovensk\u00e1 re\u0161taur\u00e1cia\",\"potentialAction\":[{\"@type\":\"SearchAction\",\"target\":{\"@type\":\"EntryPoint\",\"urlTemplate\":\"https:\/\/www.sedliackastodola.sk\/test\/?s={search_term_string}\"},\"query-input\":\"required name=search_term_string\"}],\"inLanguage\":\"sk-SK\"}]}<\/script>\n<!-- \/ Yoast SEO plugin. -->","yoast_head_json":{"title":"Tepl\u00e9 n\u00e1poje - Re\u0161taur\u00e1cia Sedliacka stodola","robots":{"index":"index","follow":"follow","max-snippet":"max-snippet:-1","max-image-preview":"max-image-preview:large","max-video-preview":"max-video-preview:-1"},"canonical":"https:\/\/www.sedliackastodola.sk\/test\/?page_id=182","og_locale":"sk_SK","og_type":"article","og_title":"Tepl\u00e9 n\u00e1poje - Re\u0161taur\u00e1cia Sedliacka stodola","og_description":"Presso k\u00e1va 8 g k\u00e1va, 10 g cukor 2,20 \u20ac Presso k\u00e1va s mliekom 8 g k\u00e1va, 10 g cukor, 7 g mlieko 2,50 \u20ac Cappuccino 8 g k\u00e1va, 10 g cukor, mlieko 2,70 \u20ac Caf\u00e9 Late 8 g k\u00e1va, 10 g cukor, mlieko 2,80 \u20ac Viedensk\u00e1 k\u00e1va 8 g k\u00e1va, 10 g cukor, \u0161\u013eaha\u010dka [&hellip;]","og_url":"https:\/\/www.sedliackastodola.sk\/test\/?page_id=182","og_site_name":"Re\u0161taur\u00e1cia Sedliacka stodola","article_modified_time":"2024-01-05T15:47:37+00:00","twitter_card":"summary_large_image","twitter_misc":{"Predpokladan\u00fd \u010das \u010d\u00edtania":"1 min\u00fata"},"schema":{"@context":"https:\/\/schema.org","@graph":[{"@type":"WebPage","@id":"https:\/\/www.sedliackastodola.sk\/test\/?page_id=182","url":"https:\/\/www.sedliackastodola.sk\/test\/?page_id=182","name":"Tepl\u00e9 n\u00e1poje - Re\u0161taur\u00e1cia Sedliacka stodola","isPartOf":{"@id":"https:\/\/www.sedliackastodola.sk\/test\/#website"},"datePublished":"2020-08-19T18:41:41+00:00","dateModified":"2024-01-05T15:47:37+00:00","breadcrumb":{"@id":"https:\/\/www.sedliackastodola.sk\/test\/?page_id=182#breadcrumb"},"inLanguage":"sk-SK","potentialAction":[{"@type":"ReadAction","target":["https:\/\/www.sedliackastodola.sk\/test\/?page_id=182"]}]},{"@type":"BreadcrumbList","@id":"https:\/\/www.sedliackastodola.sk\/test\/?page_id=182#breadcrumb","itemListElement":[{"@type":"ListItem","position":1,"name":"Home","item":"https:\/\/www.sedliackastodola.sk\/test\/"},{"@type":"ListItem","position":2,"name":"Tepl\u00e9 n\u00e1poje"}]},{"@type":"WebSite","@id":"https:\/\/www.sedliackastodola.sk\/test\/#website","url":"https:\/\/www.sedliackastodola.sk\/test\/","name":"Re\u0161taur\u00e1cia Sedliacka stodola","description":"Tradi\u010dn\u00e1 rodinn\u00e1 Slovensk\u00e1 re\u0161taur\u00e1cia","potentialAction":[{"@type":"SearchAction","target":{"@type":"EntryPoint","urlTemplate":"https:\/\/www.sedliackastodola.sk\/test\/?s={search_term_string}"},"query-input":"required name=search_term_string"}],"inLanguage":"sk-SK"}]}},"_links":{"self":[{"href":"https:\/\/www.sedliackastodola.sk\/test\/index.php?rest_route=\/wp\/v2\/pages\/182","targetHints":{"allow":["GET"]}}],"collection":[{"href":"https:\/\/www.sedliackastodola.sk\/test\/index.php?rest_route=\/wp\/v2\/pages"}],"about":[{"href":"https:\/\/www.sedliackastodola.sk\/test\/index.php?rest_route=\/wp\/v2\/types\/page"}],"author":[{"embeddable":true,"href":"https:\/\/www.sedliackastodola.sk\/test\/index.php?rest_route=\/wp\/v2\/users\/1"}],"replies":[{"embeddable":true,"href":"https:\/\/www.sedliackastodola.sk\/test\/index.php?rest_route=%2Fwp%2Fv2%2Fcomments&post=182"}],"version-history":[{"count":4,"href":"https:\/\/www.sedliackastodola.sk\/test\/index.php?rest_route=\/wp\/v2\/pages\/182\/revisions"}],"predecessor-version":[{"id":400,"href":"https:\/\/www.sedliackastodola.sk\/test\/index.php?rest_route=\/wp\/v2\/pages\/182\/revisions\/400"}],"wp:attachment":[{"href":"https:\/\/www.sedliackastodola.sk\/test\/index.php?rest_route=%2Fwp%2Fv2%2Fmedia&parent=182"}],"curies":[{"name":"wp","href":"https:\/\/api.w.org\/{rel}","templated":true}]}}